{"id":3,"date":"2021-08-12T22:28:32","date_gmt":"2021-08-12T20:28:32","guid":{"rendered":"https:\/\/taykohotels.com\/?page_id=3"},"modified":"2024-06-14T13:47:46","modified_gmt":"2024-06-14T11:47:46","slug":"politica-de-privacidad","status":"publish","type":"page","link":"https:\/\/taykohotels.com\/fr\/politica-privacidad\/","title":{"rendered":"Politique de confidentialit\u00e9"},"content":{"rendered":"\t\t<div data-elementor-type=\"wp-page\" data-elementor-id=\"3\" class=\"elementor elementor-3\" data-elementor-post-type=\"page\">\n\t\t\t\t\t\t<section class=\"elementor-section elementor-top-section elementor-element elementor-element-5c8ce1a elementor-section-boxed elementor-section-height-default elementor-section-height-default\" data-id=\"5c8ce1a\" data-element_type=\"section\" data-e-type=\"section\">\n\t\t\t\t\t\t\t<div class=\"elementor-background-overlay\"><\/div>\n\t\t\t\t\t\t\t<div class=\"elementor-container elementor-column-gap-default\">\n\t\t\t\t\t<div class=\"elementor-column elementor-col-100 elementor-top-column elementor-element elementor-element-091c536\" data-id=\"091c536\" data-element_type=\"column\" data-e-type=\"column\">\n\t\t\t<div class=\"elementor-widget-wrap elementor-element-populated\">\n\t\t\t\t\t\t<div class=\"elementor-element elementor-element-dc58870 elementor-widget elementor-widget-spacer\" data-id=\"dc58870\" data-element_type=\"widget\" data-e-type=\"widget\" data-widget_type=\"spacer.default\">\n\t\t\t\t<div class=\"elementor-widget-container\">\n\t\t\t\t\t\t\t<div class=\"elementor-spacer\">\n\t\t\t<div class=\"elementor-spacer-inner\"><\/div>\n\t\t<\/div>\n\t\t\t\t\t\t<\/div>\n\t\t\t\t<\/div>\n\t\t\t\t<div class=\"elementor-element elementor-element-8759f9c elementor-widget elementor-widget-heading\" data-id=\"8759f9c\" data-element_type=\"widget\" data-e-type=\"widget\" data-widget_type=\"heading.default\">\n\t\t\t\t<div class=\"elementor-widget-container\">\n\t\t\t\t\t<h1 class=\"elementor-heading-title elementor-size-default\">Pol\u00edtica de privacidad<\/h1>\t\t\t\t<\/div>\n\t\t\t\t<\/div>\n\t\t\t\t<div class=\"elementor-element elementor-element-3931145 elementor-widget elementor-widget-spacer\" data-id=\"3931145\" data-element_type=\"widget\" data-e-type=\"widget\" data-widget_type=\"spacer.default\">\n\t\t\t\t<div class=\"elementor-widget-container\">\n\t\t\t\t\t\t\t<div class=\"elementor-spacer\">\n\t\t\t<div class=\"elementor-spacer-inner\"><\/div>\n\t\t<\/div>\n\t\t\t\t\t\t<\/div>\n\t\t\t\t<\/div>\n\t\t\t\t<section class=\"elementor-section elementor-inner-section elementor-element elementor-element-8d82f7e elementor-section-boxed elementor-section-height-default elementor-section-height-default\" data-id=\"8d82f7e\" data-element_type=\"section\" data-e-type=\"section\">\n\t\t\t\t\t\t<div class=\"elementor-container elementor-column-gap-default\">\n\t\t\t\t\t<div class=\"elementor-column elementor-col-100 elementor-inner-column elementor-element elementor-element-c97db46\" data-id=\"c97db46\" data-element_type=\"column\" data-e-type=\"column\">\n\t\t\t<div class=\"elementor-widget-wrap elementor-element-populated\">\n\t\t\t\t\t\t<div class=\"elementor-element elementor-element-60b619a elementor-widget elementor-widget-template\" data-id=\"60b619a\" data-element_type=\"widget\" data-e-type=\"widget\" data-widget_type=\"template.default\">\n\t\t\t\t<div class=\"elementor-widget-container\">\n\t\t\t\t\t\t\t<div class=\"elementor-template\">\n\t\t\t\t\t<div data-elementor-type=\"page\" data-elementor-id=\"18301\" class=\"elementor elementor-18301\" data-elementor-post-type=\"elementor_library\">\n\t\t\t\t<div class=\"elementor-element elementor-element-f3e7496 e-con-full e-flex e-con e-parent\" data-id=\"f3e7496\" data-element_type=\"container\" data-e-type=\"container\">\n\t\t<div class=\"elementor-element elementor-element-608ad38 e-con-full elementor-hidden-tablet elementor-hidden-mobile elementor-hidden-widescreen elementor-hidden-desktop elementor-hidden-laptop e-flex e-con e-child\" data-id=\"608ad38\" data-element_type=\"container\" data-e-type=\"container\">\n\t\t\t\t<div class=\"elementor-element elementor-element-1293e41 elementor-button-align-stretch elementor-widget elementor-widget-form\" data-id=\"1293e41\" data-element_type=\"widget\" data-e-type=\"widget\" id=\"form_bookings_general\" data-settings=\"{&quot;button_width&quot;:&quot;20&quot;,&quot;step_next_label&quot;:&quot;Siguiente&quot;,&quot;step_previous_label&quot;:&quot;Anterior&quot;,&quot;step_type&quot;:&quot;number_text&quot;,&quot;step_icon_shape&quot;:&quot;circle&quot;}\" data-widget_type=\"form.default\">\n\t\t\t\t<div class=\"elementor-widget-container\">\n\t\t\t\t\t\t\t<form class=\"elementor-form\" method=\"post\" name=\"Formulario reservas\" aria-label=\"Formulario reservas\" novalidate=\"\">\n\t\t\t<input type=\"hidden\" name=\"post_id\" value=\"18301\"\/>\n\t\t\t<input type=\"hidden\" name=\"form_id\" value=\"1293e41\"\/>\n\t\t\t<input type=\"hidden\" name=\"referer_title\" value=\"\" \/>\n\n\t\t\t\n\t\t\t<div class=\"elementor-form-fields-wrapper elementor-labels-\">\n\t\t\t\t\t\t\t\t<div class=\"elementor-field-type-select elementor-field-group elementor-column elementor-field-group-destino elementor-col-20\">\n\t\t\t\t\t\t\t\t\t\t\t\t<label for=\"form-field-destino\" class=\"elementor-field-label elementor-screen-only\">\n\t\t\t\t\t\t\t\tDestino\t\t\t\t\t\t\t<\/label>\n\t\t\t\t\t\t\t\t<div class=\"elementor-field elementor-select-wrapper remove-before \">\n\t\t\t<div class=\"select-caret-down-wrapper\">\n\t\t\t\t<i aria-hidden=\"true\" class=\"eicon-caret-down\"><\/i>\t\t\t<\/div>\n\t\t\t<select name=\"form_fields[destino]\" id=\"form-field-destino\" class=\"elementor-field-textual elementor-size-sm\">\n\t\t\t\t\t\t\t\t\t<option value=\"0\">Destino<\/option>\n\t\t\t\t\t\t\t\t\t<option value=\"taykobilbao\">Bilbao<\/option>\n\t\t\t\t\t\t\t\t\t<option value=\"taykosevilla\">Sevilla<\/option>\n\t\t\t\t\t\t\t<\/select>\n\t\t<\/div>\n\t\t\t\t\t\t<\/div>\n\t\t\t\t\t\t\t\t<div class=\"elementor-field-type-date elementor-field-group elementor-column elementor-field-group-fecha_entrada elementor-col-20\">\n\t\t\t\t\t\t\t\t\t\t\t\t<label for=\"form-field-fecha_entrada\" class=\"elementor-field-label elementor-screen-only\">\n\t\t\t\t\t\t\t\tFecha de entrada\t\t\t\t\t\t\t<\/label>\n\t\t\t\t\t\t\n\t\t<input type=\"date\" name=\"form_fields[fecha_entrada]\" id=\"form-field-fecha_entrada\" class=\"elementor-field elementor-size-sm  elementor-field-textual elementor-date-field\" placeholder=\"Entrada\" pattern=\"[0-9]{4}-[0-9]{2}-[0-9]{2}\">\n\t\t\t\t\t\t<\/div>\n\t\t\t\t\t\t\t\t<div class=\"elementor-field-type-date elementor-field-group elementor-column elementor-field-group-fecha_salida elementor-col-20\">\n\t\t\t\t\t\t\t\t\t\t\t\t<label for=\"form-field-fecha_salida\" class=\"elementor-field-label elementor-screen-only\">\n\t\t\t\t\t\t\t\tFecha de salida\t\t\t\t\t\t\t<\/label>\n\t\t\t\t\t\t\n\t\t<input type=\"date\" name=\"form_fields[fecha_salida]\" id=\"form-field-fecha_salida\" class=\"elementor-field elementor-size-sm  elementor-field-textual elementor-date-field\" placeholder=\"Salida\" pattern=\"[0-9]{4}-[0-9]{2}-[0-9]{2}\">\n\t\t\t\t\t\t<\/div>\n\t\t\t\t\t\t\t\t<div class=\"elementor-field-type-select elementor-field-group elementor-column elementor-field-group-personas elementor-col-20\">\n\t\t\t\t\t\t\t\t\t\t\t\t<label for=\"form-field-personas\" class=\"elementor-field-label elementor-screen-only\">\n\t\t\t\t\t\t\t\tPersonas\t\t\t\t\t\t\t<\/label>\n\t\t\t\t\t\t\t\t<div class=\"elementor-field elementor-select-wrapper remove-before \">\n\t\t\t<div class=\"select-caret-down-wrapper\">\n\t\t\t\t<i aria-hidden=\"true\" class=\"eicon-caret-down\"><\/i>\t\t\t<\/div>\n\t\t\t<select name=\"form_fields[personas]\" id=\"form-field-personas\" class=\"elementor-field-textual elementor-size-sm\">\n\t\t\t\t\t\t\t\t\t<option value=\"\">Hu\u00e9spedes<\/option>\n\t\t\t\t\t\t\t\t\t<option value=\"1\">1 persona<\/option>\n\t\t\t\t\t\t\t\t\t<option value=\"2\">2 personas<\/option>\n\t\t\t\t\t\t\t\t\t<option value=\"3\">3 personas<\/option>\n\t\t\t\t\t\t\t\t\t<option value=\"4\">4 personas<\/option>\n\t\t\t\t\t\t\t\t\t<option value=\"5\">5 personas<\/option>\n\t\t\t\t\t\t\t\t\t<option value=\"6\">6 personas<\/option>\n\t\t\t\t\t\t\t<\/select>\n\t\t<\/div>\n\t\t\t\t\t\t<\/div>\n\t\t\t\t\t\t\t\t<div class=\"elementor-field-type-hidden elementor-field-group elementor-column elementor-field-group-hidden_url elementor-col-100\">\n\t\t\t\t\t\t\t\t\t\t\t\t\t<input size=\"1\" type=\"hidden\" name=\"form_fields[hidden_url]\" id=\"form-field-hidden_url\" class=\"elementor-field elementor-size-sm  elementor-field-textual\" value=\"https:\/\/booking.taykohotels.com\/fr\/chain\/taykohotels_agr\/\">\n\t\t\t\t\t\t\t\t\t\t\t<\/div>\n\t\t\t\t\t\t\t\t<div class=\"elementor-field-group elementor-column elementor-field-type-submit elementor-col-20 e-form__buttons\">\n\t\t\t\t\t<button class=\"elementor-button elementor-size-sm\" type=\"submit\">\n\t\t\t\t\t\t<span class=\"elementor-button-content-wrapper\">\n\t\t\t\t\t\t\t\t\t\t\t\t\t\t\t\t\t\t\t\t\t\t<span class=\"elementor-button-text\">Reservar<\/span>\n\t\t\t\t\t\t\t\t\t\t\t\t\t<\/span>\n\t\t\t\t\t<\/button>\n\t\t\t\t<\/div>\n\t\t\t<\/div>\n\t\t<\/form>\n\t\t\t\t\t\t<\/div>\n\t\t\t\t<\/div>\n\t\t\t\t<div class=\"elementor-element elementor-element-2183ae2 elementor-align-center elementor-widget elementor-widget-button\" data-id=\"2183ae2\" data-element_type=\"widget\" data-e-type=\"widget\" data-widget_type=\"button.default\">\n\t\t\t\t<div class=\"elementor-widget-container\">\n\t\t\t\t\t\t\t\t\t<div class=\"elementor-button-wrapper\">\n\t\t\t\t\t<a class=\"elementor-button elementor-button-link elementor-size-sm\" href=\"https:\/\/booking.taykohotels.com\/fr\/chain\/taykohotels_agr\/\" target=\"_blank\" id=\"form_bookings_general_button\">\n\t\t\t\t\t\t<span class=\"elementor-button-content-wrapper\">\n\t\t\t\t\t\t\t\t\t<span class=\"elementor-button-text\">Reservar<\/span>\n\t\t\t\t\t<\/span>\n\t\t\t\t\t<\/a>\n\t\t\t\t<\/div>\n\t\t\t\t\t\t\t\t<\/div>\n\t\t\t\t<\/div>\n\t\t\t\t<\/div>\n\t\t<div class=\"elementor-element elementor-element-11e3c02 elementor-hidden-tablet elementor-hidden-mobile e-flex e-con-boxed e-con e-child\" data-id=\"11e3c02\" data-element_type=\"container\" data-e-type=\"container\">\n\t\t\t\t\t<div class=\"e-con-inner\">\n\t\t\t\t<div class=\"elementor-element elementor-element-0d78323 elementor-widget elementor-widget-html\" data-id=\"0d78323\" data-element_type=\"widget\" data-e-type=\"widget\" data-widget_type=\"html.default\">\n\t\t\t\t<div class=\"elementor-widget-container\">\n\t\t\t\t\t<form id=\"form_bookings_wb\">\n<input type=\"hidden\" id=\"wb-form-field-url\" \/>\n<select id=\"wb-form-field-destino\">\n<option value=\"0\">Destino<\/option>\n<option value=\"taykobilbao\">Bilbao<\/option>\n<option value=\"taykosevilla\">Sevilla<\/option>\n<\/select>\n\n\n\n<input id=\"wb-form-field-entrada\" type=\"text\" class=\"flatpickr-custom\" placeholder=\"Entrada\" \/>\n<input id=\"wb-form-field-salida\" type=\"text\" class=\"flatpickr-custom\" placeholder=\"Salida\" \/>\n\n<select id=\"wb-form-field-personas\">\n<option value=\"\">Hu\u00e9spedes<\/option>\n<option value=\"1\">1 persona<\/option>\n<option value=\"2\">2 personas<\/option>\n<option value=\"3\">3 personas<\/option>\n<option value=\"4\">4 personas<\/option>\n<option value=\"5\">5 personas<\/option>\n<option value=\"6\">6 personas<\/option>\n<\/select>\n\n<\/form>\t\t\t\t<\/div>\n\t\t\t\t<\/div>\n\t\t\t\t<div class=\"elementor-element elementor-element-2dea406 elementor-widget elementor-widget-button\" data-id=\"2dea406\" data-element_type=\"widget\" data-e-type=\"widget\" data-widget_type=\"button.default\">\n\t\t\t\t<div class=\"elementor-widget-container\">\n\t\t\t\t\t\t\t\t\t<div class=\"elementor-button-wrapper\">\n\t\t\t\t\t<a class=\"elementor-button elementor-button-link elementor-size-sm\" href=\"https:\/\/booking.taykohotels.com\/fr\/chain\/taykohotels_agr\/\" id=\"form_bookings_wb_button\">\n\t\t\t\t\t\t<span class=\"elementor-button-content-wrapper\">\n\t\t\t\t\t\t\t\t\t<span class=\"elementor-button-text\">Reservar<\/span>\n\t\t\t\t\t<\/span>\n\t\t\t\t\t<\/a>\n\t\t\t\t<\/div>\n\t\t\t\t\t\t\t\t<\/div>\n\t\t\t\t<\/div>\n\t\t\t\t\t<\/div>\n\t\t\t\t<\/div>\n\t\t\t\t<div class=\"elementor-element elementor-element-cc876e5 elementor-align-center elementor-hidden-widescreen elementor-hidden-desktop elementor-hidden-laptop elementor-widget elementor-widget-button\" data-id=\"cc876e5\" data-element_type=\"widget\" data-e-type=\"widget\" data-widget_type=\"button.default\">\n\t\t\t\t<div class=\"elementor-widget-container\">\n\t\t\t\t\t\t\t\t\t<div class=\"elementor-button-wrapper\">\n\t\t\t\t\t<a class=\"elementor-button elementor-button-link elementor-size-sm\" href=\"https:\/\/booking.taykohotels.com\/fr\/chain\/taykohotels_agr\/\" target=\"_blank\" id=\"form_bookings_external_link\">\n\t\t\t\t\t\t<span class=\"elementor-button-content-wrapper\">\n\t\t\t\t\t\t\t\t\t<span class=\"elementor-button-text\">Reservar<\/span>\n\t\t\t\t\t<\/span>\n\t\t\t\t\t<\/a>\n\t\t\t\t<\/div>\n\t\t\t\t\t\t\t\t<\/div>\n\t\t\t\t<\/div>\n\t\t\t\t<\/div>\n\t\t\t\t<\/div>\n\t\t\t\t<\/div>\n\t\t\t\t\t\t<\/div>\n\t\t\t\t<\/div>\n\t\t\t\t\t<\/div>\n\t\t<\/div>\n\t\t\t\t\t<\/div>\n\t\t<\/section>\n\t\t\t\t\t<\/div>\n\t\t<\/div>\n\t\t\t\t\t<\/div>\n\t\t<\/section>\n\t\t\t\t<section class=\"elementor-section elementor-top-section elementor-element elementor-element-3d107b0 elementor-section-boxed elementor-section-height-default elementor-section-height-default\" data-id=\"3d107b0\" data-element_type=\"section\" data-e-type=\"section\">\n\t\t\t\t\t\t<div class=\"elementor-container elementor-column-gap-default\">\n\t\t\t\t\t<div class=\"elementor-column elementor-col-100 elementor-top-column elementor-element elementor-element-fc3a8cc\" data-id=\"fc3a8cc\" data-element_type=\"column\" data-e-type=\"column\">\n\t\t\t<div class=\"elementor-widget-wrap elementor-element-populated\">\n\t\t\t\t\t\t<div class=\"elementor-element elementor-element-2ec3d9d elementor-widget elementor-widget-text-editor\" data-id=\"2ec3d9d\" data-element_type=\"widget\" data-e-type=\"widget\" data-widget_type=\"text-editor.default\">\n\t\t\t\t<div class=\"elementor-widget-container\">\n\t\t\t\t\t\t\t\t\t<div class=\"vc_row wpb_row vc_row-fluid\"><div class=\"wpb_column vc_column_container vc_col-sm-12\"><div class=\"vc_column-inner vc_custom_1499951634504\"><div class=\"wpb_wrapper\"><div class=\"wpb_text_column wpb_content_element \"><div class=\"wpb_wrapper\"><h2>Protecci\u00f3n de datos Byou Hotels, S.A.<\/h2><p>La empresa garantiza a los usuarios de la p\u00e1gina web que cumple con la Ley Org\u00e1nica de Protecci\u00f3n de Datos y Garant\u00eda de los Derechos Digitales, y que ha establecido las medidas de seguridad exigidas por las leyes y reglamentos destinados a preservar el secreto, confidencialidad e integridad en el tratamiento de sus datos personales.<\/p><p>Dichos datos personales ser\u00e1n utilizados en la forma y con las limitaciones y derechos que concede la protecci\u00f3n de datos de car\u00e1cter personal.<\/p><p>La recogida y tratamiento de los datos personales solicitados tiene como Finalidad: la atenci\u00f3n al usuario, tanto administrativa como comercial. Legitimaci\u00f3n: La base legal para el tratamiento de sus datos personales es el consentimiento que presta al aceptar esta Pol\u00edtica de Privacidad antes de enviarnos\/ facilitarnos sus datos. Destinatarios: no se comunicar\u00e1 sus datos a ning\u00fan tercero, salvo que se le informe de ello expresamente o exista obligaci\u00f3n legal.\u00a0 Byou Hotels, S.A. se compromete a guardar la m\u00e1xima reserva, secreto y confidencialidad sobre la informaci\u00f3n de los datos personales que tiene a su disposici\u00f3n. Duraci\u00f3n: Sus datos, ser\u00e1n conservados el tiempo m\u00ednimo necesario para satisfacer la finalidad para la cual los facilit\u00f3 as\u00ed como para atender las responsabilidades que se pudieran derivar de los datos suministrados y de cualquier otra exigencia legal. Derechos: El interesado es titular de los derechos de acceso, rectificaci\u00f3n, supresi\u00f3n, limitaci\u00f3n y oposici\u00f3n al tratamiento de sus datos personales, as\u00ed como el derecho a la portabilidad de los mismos. Asimismo, en cualquier momento el interesado puede retirar el consentimiento prestado sin que ello afecte a la licitud del tratamiento, as\u00ed como la posibilidad de acudir ante la autoridad de control competente (AEPD).<\/p><\/div><\/div><\/div><\/div><\/div><\/div>\t\t\t\t\t\t\t\t<\/div>\n\t\t\t\t<\/div>\n\t\t\t\t\t<\/div>\n\t\t<\/div>\n\t\t\t\t\t<\/div>\n\t\t<\/section>\n\t\t\t\t<\/div>\n\t\t","protected":false},"excerpt":{"rendered":"<p>Pol\u00edtica de privacidad Protecci\u00f3n de datos Byou Hotels, S.A. La empresa garantiza a los usuarios de la p\u00e1gina web que cumple con la Ley Org\u00e1nica de Protecci\u00f3n de Datos y Garant\u00eda de los Derechos Digitales, y que ha establecido las medidas de seguridad exigidas por las leyes y reglamentos destinados a preservar el secreto, confidencialidad [&hellip;]<\/p>\n","protected":false},"author":1,"featured_media":0,"parent":0,"menu_order":98,"comment_status":"closed","ping_status":"closed","template":"","meta":{"_acf_changed":false,"footnotes":""},"class_list":["post-3","page","type-page","status-publish","hentry"],"acf":[],"_links":{"self":[{"href":"https:\/\/taykohotels.com\/fr\/wp-json\/wp\/v2\/pages\/3","targetHints":{"allow":["GET"]}}],"collection":[{"href":"https:\/\/taykohotels.com\/fr\/wp-json\/wp\/v2\/pages"}],"about":[{"href":"https:\/\/taykohotels.com\/fr\/wp-json\/wp\/v2\/types\/page"}],"author":[{"embeddable":true,"href":"https:\/\/taykohotels.com\/fr\/wp-json\/wp\/v2\/users\/1"}],"replies":[{"embeddable":true,"href":"https:\/\/taykohotels.com\/fr\/wp-json\/wp\/v2\/comments?post=3"}],"version-history":[{"count":31,"href":"https:\/\/taykohotels.com\/fr\/wp-json\/wp\/v2\/pages\/3\/revisions"}],"predecessor-version":[{"id":18927,"href":"https:\/\/taykohotels.com\/fr\/wp-json\/wp\/v2\/pages\/3\/revisions\/18927"}],"wp:attachment":[{"href":"https:\/\/taykohotels.com\/fr\/wp-json\/wp\/v2\/media?parent=3"}],"curies":[{"name":"wp","href":"https:\/\/api.w.org\/{rel}","templated":true}]}}